
{"id":813,"date":"2022-03-16T14:51:22","date_gmt":"2022-03-16T14:51:22","guid":{"rendered":"https:\/\/swiss-assets.ch\/datenschutzerklaerung\/"},"modified":"2022-03-21T17:32:42","modified_gmt":"2022-03-21T17:32:42","slug":"datenschutzerklaerung","status":"publish","type":"page","link":"https:\/\/swiss-assets.ch\/de\/datenschutzerklaerung\/","title":{"rendered":"Datenschutzerkl\u00e4rung"},"content":{"rendered":"\t\t<div data-elementor-type=\"wp-page\" data-elementor-id=\"813\" class=\"elementor elementor-813\">\n\t\t\t\t\t\t\t\t\t<section class=\"elementor-section elementor-top-section elementor-element elementor-element-66dc378 elementor-section-boxed elementor-section-height-default elementor-section-height-default\" data-id=\"66dc378\" data-element_type=\"section\" data-settings=\"{&quot;background_background&quot;:&quot;classic&quot;,&quot;tmea_shape_divider_top&quot;:&quot;none&quot;,&quot;tmea_shape_divider_bottom&quot;:&quot;none&quot;}\">\n\t\t\t\t\t\t\t<div class=\"elementor-background-overlay\"><\/div>\n\t\t\t\t\t\t\t<div class=\"elementor-container elementor-column-gap-default\">\n\t\t\t\t\t<div class=\"elementor-column elementor-col-100 elementor-top-column elementor-element elementor-element-11849c6\" data-id=\"11849c6\" data-element_type=\"column\">\n\t\t\t<div class=\"elementor-widget-wrap elementor-element-populated\">\n\t\t\t\t\t\t\t\t<div class=\"elementor-element elementor-element-7a64ee1 elementor-invisible elementor-widget elementor-widget-heading\" data-id=\"7a64ee1\" data-element_type=\"widget\" data-settings=\"{&quot;_animation&quot;:&quot;fadeInUp&quot;}\" data-widget_type=\"heading.default\">\n\t\t\t\t<div class=\"elementor-widget-container\">\n\t\t\t<style>\/*! elementor - v3.8.1 - 13-11-2022 *\/\n.elementor-heading-title{padding:0;margin:0;line-height:1}.elementor-widget-heading .elementor-heading-title[class*=elementor-size-]>a{color:inherit;font-size:inherit;line-height:inherit}.elementor-widget-heading .elementor-heading-title.elementor-size-small{font-size:15px}.elementor-widget-heading .elementor-heading-title.elementor-size-medium{font-size:19px}.elementor-widget-heading .elementor-heading-title.elementor-size-large{font-size:29px}.elementor-widget-heading .elementor-heading-title.elementor-size-xl{font-size:39px}.elementor-widget-heading .elementor-heading-title.elementor-size-xxl{font-size:59px}<\/style><h1 class=\"elementor-heading-title elementor-size-default\">Datenschutzerkl\u00e4rung<\/h1>\t\t<\/div>\n\t\t\t\t<\/div>\n\t\t\t\t\t<\/div>\n\t\t<\/div>\n\t\t\t\t\t\t\t<\/div>\n\t\t<\/section>\n\t\t\t\t<section class=\"elementor-section elementor-top-section elementor-element elementor-element-7aa8ec2 elementor-section-boxed elementor-section-height-default elementor-section-height-default\" data-id=\"7aa8ec2\" data-element_type=\"section\" data-settings=\"{&quot;tmea_shape_divider_top&quot;:&quot;none&quot;,&quot;tmea_shape_divider_bottom&quot;:&quot;none&quot;}\">\n\t\t\t\t\t\t<div class=\"elementor-container elementor-column-gap-default\">\n\t\t\t\t\t<div class=\"elementor-column elementor-col-100 elementor-top-column elementor-element elementor-element-1d441a3\" data-id=\"1d441a3\" data-element_type=\"column\">\n\t\t\t<div class=\"elementor-widget-wrap elementor-element-populated\">\n\t\t\t\t\t\t\t\t<div class=\"elementor-element elementor-element-1512999 elementor-widget elementor-widget-text-editor\" data-id=\"1512999\" data-element_type=\"widget\" data-widget_type=\"text-editor.default\">\n\t\t\t\t<div class=\"elementor-widget-container\">\n\t\t\t<style>\/*! elementor - v3.8.1 - 13-11-2022 *\/\n.elementor-widget-text-editor.elementor-drop-cap-view-stacked .elementor-drop-cap{background-color:#818a91;color:#fff}.elementor-widget-text-editor.elementor-drop-cap-view-framed .elementor-drop-cap{color:#818a91;border:3px solid;background-color:transparent}.elementor-widget-text-editor:not(.elementor-drop-cap-view-default) .elementor-drop-cap{margin-top:8px}.elementor-widget-text-editor:not(.elementor-drop-cap-view-default) .elementor-drop-cap-letter{width:1em;height:1em}.elementor-widget-text-editor .elementor-drop-cap{float:left;text-align:center;line-height:1;font-size:50px}.elementor-widget-text-editor .elementor-drop-cap-letter{display:inline-block}<\/style>\t\t\t\t<p>Hier finden Sie Informationen zum Umgang mit Ihren personenbezogenen Daten beim Besuch unserer Website. Zur Bereitstellung der Funktionen und Dienste unserer Website ist es erforderlich, dass wir personenbezogene Daten \u00fcber Sie erheben. Nachfolgend erl\u00e4utern wir, welche Daten wir \u00fcber Sie erheben, wozu dies erforderlich ist und welche Rechte Sie in Bezug auf Ihre Daten haben.<\/p>\n<p>Verantwortlich f\u00fcr die Verarbeitung personenbezogener Daten auf dieser Website ist (siehe Impressum):<\/p>\n<div><strong>Swiss Digital Assets AG<\/strong><\/div>\n<div>Churerstrasse 56<\/div>\n<div>8808 Pf\u00e4ffikon SZ<\/div>\n<p><strong>E-Mail:<\/strong> <a href=\"mailto:info@swiss-assets.ch\">info@swiss-assets.ch<\/a><\/p>\n<p><strong>Informative Verwendung<\/strong><\/p>\n<p>Wenn Sie diese Website nutzen, ohne uns anderweitig Daten zu \u00fcbermitteln (z. B. durch Registrierung oder Nutzung des Kontaktformulars), erheben wir nur technisch notwendige Daten, die automatisch an unseren Server \u00fcbermittelt werden (z. B. IP-Adresse, Datum und Uhrzeit der Anfrage, Browsertyp und Betriebssystem). Dies ist technisch erforderlich, um Ihnen unsere Website anzeigen zu k\u00f6nnen. Soweit es sich dabei um personenbezogene Daten handelt, dient Art. 6 (1) lit. f DSGVO ist die Rechtsgrundlage f\u00fcr die Erhebung.<\/p>\n<p><strong>Verwendung von Cookies<\/strong><\/p>\n<p>Wir verwenden Cookies, um die Nutzung unserer Website zu erleichtern und zu verbessern. Cookies sind Textinformationen, die beim Besuch einer Website \u00fcber den Webbrowser auf einem Computer gespeichert werden. Dies dient der Wiedererkennung einer Sitzung, z. B. beim dauerhaften Einloggen in eine Website oder der Warenkorbfunktion eines Online-Shops.<\/p>\n<p>Die meisten Webbrowser akzeptieren Cookies automatisch. Sie k\u00f6nnen gespeicherte Cookies jederzeit \u00fcber die Einstellungen Ihres Webbrowsers l\u00f6schen. Sie k\u00f6nnen Ihren Webbrowser auch so einstellen, dass keine Cookies gespeichert werden. In diesem Fall sind m\u00f6glicherweise nicht alle Funktionen unserer Website verf\u00fcgbar.<\/p>\n<p><strong>Kontakt Formular<\/strong><\/p>\n<p>Auf unserer Website k\u00f6nnen Sie \u00fcber ein Kontaktformular personenbezogene Daten eingeben. Bei der Nutzung des Kontaktformulars erheben und speichern wir die Daten, die Sie in die Eingabemaske eingeben (z. B. Name, Vorname, E-Mail-Adresse). Daten werden nicht an Dritte weitergegeben.<\/p>\n<p>Rechtsgrundlage f\u00fcr die Verarbeitung bei Einwilligung ist Art. 6 abs. 1 lit. a DSGVO. Dient Ihre Anfrage der Vorbereitung eines Vertragsschlusses, so dient Art. 6 abs. 1 lit. b DSGVO ist die zus\u00e4tzliche Rechtsgrundlage. Wir verwenden die Daten ausschliesslich zur Bearbeitung und Beantwortung Ihrer Anfrage.<\/p>\n<p><strong>Aufbewahrungszeitraum<\/strong><\/p>\n<p>Wir verarbeiten und speichern Ihre Daten nur so lange, wie dies f\u00fcr die Verarbeitung oder zur Erf\u00fcllung gesetzlicher Pflichten erforderlich ist. Nach Wegfall des Verarbeitungszwecks werden Ihre Daten gesperrt oder gel\u00f6scht. Bestehen dar\u00fcber hinaus gesetzliche Aufbewahrungspflichten, sperren oder l\u00f6schen wir Ihre Daten, wenn die gesetzlichen Aufbewahrungsfristen ablaufen.<\/p>\n<p><strong>Google Analytics<\/strong><\/p>\n<p>Wir verwenden Google Analytics, um die Nutzung unserer Website analysieren und verbessern zu k\u00f6nnen.<\/p>\n<p>Google Analytics ist ein Webanalysedienst von Google, Inc. (\u201eGoogle\u201c). Google Analytics verwendet \u201eCookies\u201c, Textdateien, die auf Ihrem Computer abgelegt werden, um die Website bei der Analyse der Nutzung der Website durch Benutzer zu unterst\u00fctzen. Die durch den Cookie erzeugten Informationen \u00fcber Ihre Benutzung dieser Website werden in der Regel an einen Server von Google in den USA \u00fcbertragen und dort gespeichert. Im Falle der Aktivierung der IP-Anonymisierung auf dieser Website, wird Ihre IP-Adresse von Google jedoch innerhalb von Mitgliedstaaten der Europ\u00e4ischen Union oder in anderen Vertragsstaaten des Abkommens \u00fcber den Europ\u00e4ischen Wirtschaftsraum zuvor gek\u00fcrzt. Nur in Ausnahmef\u00e4llen wird die volle IP-Adresse an einen Server von Google in den USA \u00fcbertragen und dort gek\u00fcrzt. Im Auftrag des Betreibers dieser Website wird Google diese Informationen benutzen, um Ihre Nutzung der Website auszuwerten, um Reports \u00fcber die Website-Aktivit\u00e4ten zusammenzustellen und um weitere mit der Website-Aktivit\u00e4t und der Internetnutzung verbundene Dienstleistungen gegen\u00fcber dem Website-Betreiber zu erbringen.<\/p>\n<p>Die im Rahmen von Google Analytics von Ihrem Browser \u00fcbermittelte IP-Adresse wird nicht mit anderen Daten von Google zusammengef\u00fchrt.<\/p>\n<p>Sie k\u00f6nnen die Verwendung von Cookies ablehnen, indem Sie die entsprechenden Einstellungen in Ihrem Browser ausw\u00e4hlen. Bitte beachten Sie jedoch, dass Sie in diesem Fall m\u00f6glicherweise nicht alle Funktionen dieser Website nutzen k\u00f6nnen. Sie k\u00f6nnen dar\u00fcber hinaus die Erfassung der durch das Cookie erzeugten und auf Ihre Nutzung der Website bezogenen Daten (inkl. Ihrer IP-Adresse) an Google sowie die Verarbeitung dieser Daten durch Google verhindern, indem sie das unter dem folgenden Link verf\u00fcgbare Browser-Plugin herunterladen und installieren: <a href=\"https:\/\/tools.google.com\/dlpage\/gaoptout?hl=de\">http :\/\/tools.google.com\/dlpage\/gaoptout?hl=de<\/a><\/p>\n<p>N\u00e4here Informationen zu den Nutzungsbedingungen: <a href=\"http:\/\/www.google.com\/analytics\/terms\/\">www.google.com\/analytics\/terms\/<\/a><\/p>\n<p>Weitere Informationen zum Datenschutz: <a href=\"https:\/\/marketingplatform.google.com\/about\/\">www.google.com\/intl\/de\/analytics\/privacyoverview.html<\/a><\/p>\n<p><strong>Datenschutzerkl\u00e4rung f\u00fcr Facebook<\/strong><\/p>\n<p>Diese Website verwendet Funktionen von Facebook Inc., 1601 S. California Ave, Palo Alto, CA 94304, USA. Wenn Sie unsere Seiten mit Facebook-Plugins aufrufen, wird eine Verbindung zwischen Ihrem Browser und den Facebook-Servern hergestellt. Dabei werden bereits Daten an Facebook \u00fcbermittelt. Besitzen Sie ein Facebook-Konto, k\u00f6nnen diese Daten damit verkn\u00fcpft werden. Wenn Sie keine Zuordnung dieser Daten zu Ihrem Facebook-Konto w\u00fcnschen, loggen Sie sich bitte vor dem Besuch unserer Seite bei Facebook aus. Interaktionen, insbesondere das Nutzen einer Kommentarfunktion oder das Anklicken eines \u201eGef\u00e4llt mir\u201c- oder \u201eTeilen\u201c-Buttons werden ebenfalls an Facebook weitergegeben. N\u00e4heres erfahren Sie unter <a href=\"https:\/\/de-de.facebook.com\/about\/privacy\">https:\/\/de-de.facebook.com\/about\/privacy<\/a> .<\/p>\n<p>Datenschutzerkl\u00e4rung f\u00fcr Instagram<\/p>\n<p>Auf unserer Website sind Funktionen des Dienstes Instagram eingebunden. Diese Funktionen werden angeboten durch die Instagram Inc., 1601 Willow Road, Menlo Park, CA, 94025, USA integriert. Wenn Sie in Ihrem Instagram-Account eingeloggt sind k\u00f6nnen Sie durch Anklicken des Instagram-Buttons die Inhalte unserer Seiten mit Ihrem Instagram-Profil verlinken. Dadurch kann Instagram den Besuch unserer Seiten Ihrem Benutzerkonto zuordnen. Wir weisen darauf hin, dass wir als Anbieter der Seiten keine Kenntnis vom Inhalt der \u00fcbermittelten Daten sowie deren Nutzung durch Instagram erhalten.<\/p>\n<p>Weitere Informationen finden Sie in der Datenschutzerkl\u00e4rung von Instagram: <a href=\"https:\/\/instagram.com\/about\/legal\/privacy\/\">http:\/\/instagram.com\/about\/legal\/privacy\/<\/a><\/p>\n<p><strong>Datenschutz Google Marketing Platform<\/strong><\/p>\n<p>Wir nutzen die Google Marketing Platform f\u00fcr unsere Kunden zur Ausspielung, Steuerung und Messung digitaler Werbekampagnen. (im Folgenden: \u201eGMP\u201c, ein Dienst der Google Inc., 1600 Amphitheatre Parkway, Mountain View, CA 94043, USA (im Folgenden: \u201eGoogle\u201c). GMP verwendet Cookies, um Ihnen personalisierte Werbung anzuzeigen. Die Cookies enthalten keine personenbezogenen Daten. Ausf\u00fchrliche Informationen zum Datenschutz im Zusammenhang mit dem von Google eingesetzten Floodlight-Tracking und allen weiteren wichtigen Aspekten entnehmen Sie bitte folgenden Links: <a href=\"https:\/\/policies.google.com\/privacy?hl=de\">https:\/\/policies.google.com\/privacy?hl=de<\/a> und <a href=\"https:\/\/policies.google.com\/technologies\/partner-sites\">https:\/\/policies. google.com\/technologies\/partner-sites<\/a><\/p>\n<p>Die durch den Cookie erzeugten Informationen \u00fcber Ihre Benutzung werden in der Regel an einen Server von Google in den USA \u00fcbertragen und dort gespeichert. Google nimmt am EU-US Privacy Shield teil, <a href=\"https:\/\/www.privacyshield.gov\/EU-US-Framework\">https:\/\/www.privacyshield.gov\/EU-US-Framework<\/a><\/p>\n<p>Somit besteht auch f\u00fcr die Ausnahmef\u00e4lle, in denen Google personenbezogene Daten in die USA \u00fcbertr\u00e4gt, ein angemessenes Datenschutzniveau.<\/p>\n<p>Die im Rahmen von GMP von Ihrem Browser \u00fcbermittelten Daten werden nicht mit anderen Daten von Google zusammengef\u00fchrt.<\/p>\n<p>Sie k\u00f6nnen die Speicherung der Cookies durch eine entsprechende Einstellung Ihrer Browser-Software verhindern. Sie k\u00f6nnen die Anzeige personalisierter Werbung durch ein Browser-Plugin deaktivieren. Dieses k\u00f6nnen Sie hier installieren: <a href=\"https:\/\/support.google.com\/ads\/answer\/7395996\">https:\/\/www.google.com\/settings\/ads\/plugin<\/a><\/p>\n<p>Sie k\u00f6nnen <a href=\"https:\/\/adssettings.google.com\/authenticated?hl=de\">hier<\/a> auch die Anzeige personalisierter Werbung deaktivieren.<\/p>\n<p>Rechtsgrundlage f\u00fcr die Datenverarbeitung unter Verwendung von GMP ist Art. 6 (1) lit. f DS-GVO.<\/p>\n<p>Schwyz, M\u00e4rz 2022<\/p>\t\t\t\t\t\t<\/div>\n\t\t\t\t<\/div>\n\t\t\t\t\t<\/div>\n\t\t<\/div>\n\t\t\t\t\t\t\t<\/div>\n\t\t<\/section>\n\t\t\t\t\t\t\t<\/div>\n\t\t","protected":false},"excerpt":{"rendered":"<p>Datenschutzerkl\u00e4rung Hier finden Sie Informationen zum Umgang mit Ihren personenbezogenen Daten beim Besuch unserer Website. Zur Bereitstellung der Funktionen und Dienste unserer Website ist es erforderlich, dass wir personenbezogene Daten \u00fcber Sie erheben. Nachfolgend erl\u00e4utern wir, welche Daten wir \u00fcber Sie erheben, wozu dies erforderlich ist und welche Rechte Sie in Bezug auf Ihre Daten [&hellip;]<\/p>\n","protected":false},"author":1,"featured_media":0,"parent":0,"menu_order":0,"comment_status":"closed","ping_status":"closed","template":"","meta":{"footnotes":""},"class_list":["post-813","page","type-page","status-publish","hentry"],"_links":{"self":[{"href":"https:\/\/swiss-assets.ch\/de\/wp-json\/wp\/v2\/pages\/813","targetHints":{"allow":["GET"]}}],"collection":[{"href":"https:\/\/swiss-assets.ch\/de\/wp-json\/wp\/v2\/pages"}],"about":[{"href":"https:\/\/swiss-assets.ch\/de\/wp-json\/wp\/v2\/types\/page"}],"author":[{"embeddable":true,"href":"https:\/\/swiss-assets.ch\/de\/wp-json\/wp\/v2\/users\/1"}],"replies":[{"embeddable":true,"href":"https:\/\/swiss-assets.ch\/de\/wp-json\/wp\/v2\/comments?post=813"}],"version-history":[{"count":4,"href":"https:\/\/swiss-assets.ch\/de\/wp-json\/wp\/v2\/pages\/813\/revisions"}],"predecessor-version":[{"id":1103,"href":"https:\/\/swiss-assets.ch\/de\/wp-json\/wp\/v2\/pages\/813\/revisions\/1103"}],"wp:attachment":[{"href":"https:\/\/swiss-assets.ch\/de\/wp-json\/wp\/v2\/media?parent=813"}],"curies":[{"name":"wp","href":"https:\/\/api.w.org\/{rel}","templated":true}]}}